{"id":626,"date":"2018-03-22T12:47:06","date_gmt":"2018-03-22T11:47:06","guid":{"rendered":"https:\/\/dimor.es\/?page_id=626"},"modified":"2018-03-22T12:51:53","modified_gmt":"2018-03-22T11:51:53","slug":"premiada-la-plataforma-de-big-data-del-sergas","status":"publish","type":"page","link":"https:\/\/dimor.es\/index.php\/premiada-la-plataforma-de-big-data-del-sergas\/","title":{"rendered":"Premiada la plataforma de Big Data del SERGAS"},"content":{"rendered":"<div>La World Information Technology and Services Alliance (WITSA) ha premiado a HEXIN, la Plataforma Big Data de explotaci\u00f3n de datos cl\u00ednicos y epidemiol\u00f3gicos del Servicio Gallego de Salud (SERGAS) en su categor\u00eda a la Innovaci\u00f3n en soluciones de e-Health.<\/div>\n<div>HEXIN, la plataforma Big Data desarrollada con tecnolog\u00eda de GMV, contribuye a la mejora de la vigilancia epidemiol\u00f3gica, la asistencia cl\u00ednica, la gesti\u00f3n y la investigaci\u00f3n m\u00e9dica. Al explotar la ingente cantidad de informaci\u00f3n de la que dispone el Sistema Gallego de Salud \u2014informes m\u00e9dicos, notas, recetas, pruebas diagn\u00f3sticas que se originan en sus distintas \u00e1reas de competencia\u2014\u00a0 se convierte en una herramienta esencial para sus profesionales de la salud con la que extraer informaci\u00f3n y obtener resultados de salud de sus pacientes. Asimismo, con la informaci\u00f3n que aporta, se faculta la evaluaci\u00f3n del modelo de farmacia por medio de t\u00e9cnicas de data mining que permiten comparar los patrones de los servicios farmac\u00e9uticos.<br \/>\nLa abundancia de datos que generan los sistemas sanitarios y la capacidad de ser analizados que ofrecen plataformas como HEXIN permiten establecer correlaciones de causa y efecto en, por ejemplo, diversas enfermedades raras, ayudando a predecir y detectar posibles contagios. Gracias a HEXIN es posible conocer f\u00e1cilmente el n\u00famero total de personas que presentandeterminados s\u00edntomas o la incidencia y prevalencia de enfermedades, sospechas de efectos adversos de un tratamiento y factores de riesgo.\u00a0 El sistema es capaz de dar apoyo a diagn\u00f3sticos y tratamientos, e incluso de adecuar protocolos de asistencia en enfermos cr\u00f3nicos.<br \/>\nSobre los Premios WITSA<br \/>\nHEXIN fue presentada a los Premios WITSA por AMETIC (Asociaci\u00f3n de Empresas de Electr\u00f3nica, Tecnolog\u00edas de la Informaci\u00f3n, Telecomunicaciones y Contenidos Digitales), miembro de este consorcio de asociaciones internacional que representa a m\u00e1s del noventa por ciento del mercado de TIC mundial. Los Premios WITSA Global ICT Excellence identificana los usuarios m\u00e1s destacados de las TIC, distinguiendo a las organizaciones que han demostrado logros excepcionales en el uso de estas para beneficiar a las sociedades, los gobiernos, las personas, las organizaciones y el sector privado.<\/div>\n<div><\/div>\n","protected":false},"excerpt":{"rendered":"<p>La World Information Technology and Services Alliance (WITSA) ha premiado a HEXIN, la Plataforma Big Data de explotaci\u00f3n de datos cl\u00ednicos y epidemiol\u00f3gicos del Servicio Gallego de Salud (SERGAS) en su categor\u00eda a la Innovaci\u00f3n en soluciones de e-Health. HEXIN, la plataforma Big Data desarrollada con tecnolog\u00eda de GMV, contribuye a la mejora de la&#8230; <\/p>\n<div class=\"link-more\"><a href=\"https:\/\/dimor.es\/index.php\/premiada-la-plataforma-de-big-data-del-sergas\/\">Lea m\u00e1s<\/a><\/div>\n","protected":false},"author":4,"featured_media":0,"parent":0,"menu_order":0,"comment_status":"closed","ping_status":"closed","template":"","meta":{"_mi_skip_tracking":false,"jetpack_post_was_ever_published":false},"jetpack_sharing_enabled":true,"jetpack_shortlink":"https:\/\/wp.me\/P7phdD-a6","_links":{"self":[{"href":"https:\/\/dimor.es\/index.php\/wp-json\/wp\/v2\/pages\/626"}],"collection":[{"href":"https:\/\/dimor.es\/index.php\/wp-json\/wp\/v2\/pages"}],"about":[{"href":"https:\/\/dimor.es\/index.php\/wp-json\/wp\/v2\/types\/page"}],"author":[{"embeddable":true,"href":"https:\/\/dimor.es\/index.php\/wp-json\/wp\/v2\/users\/4"}],"replies":[{"embeddable":true,"href":"https:\/\/dimor.es\/index.php\/wp-json\/wp\/v2\/comments?post=626"}],"version-history":[{"count":2,"href":"https:\/\/dimor.es\/index.php\/wp-json\/wp\/v2\/pages\/626\/revisions"}],"predecessor-version":[{"id":628,"href":"https:\/\/dimor.es\/index.php\/wp-json\/wp\/v2\/pages\/626\/revisions\/628"}],"wp:attachment":[{"href":"https:\/\/dimor.es\/index.php\/wp-json\/wp\/v2\/media?parent=626"}],"curies":[{"name":"wp","href":"https:\/\/api.w.org\/{rel}","templated":true}]}}