{"id":523,"date":"2017-11-24T10:00:28","date_gmt":"2017-11-24T09:00:28","guid":{"rendered":"https:\/\/dimor.es\/?page_id=523"},"modified":"2017-11-24T10:00:28","modified_gmt":"2017-11-24T09:00:28","slug":"big-data-salud-al-servicio-de-la-investigacion","status":"publish","type":"page","link":"https:\/\/dimor.es\/index.php\/big-data-salud-al-servicio-de-la-investigacion\/","title":{"rendered":"Big Data Salud al servicio de la investigaci\u00f3n"},"content":{"rendered":"<h4>Big Data Salud, el santo grial para optimizar la investigaci\u00f3n en salud y mejorar la gesti\u00f3n hospitalaria<\/h4>\n<p>En la actualidad la investigaci\u00f3n, la agilidad en los diagn\u00f3sticos y la toma de decisiones m\u00e9dicas ha encontrado una aut\u00e9ntica mina de oro en las Historias Cl\u00ednicas Electr\u00f3nicas del sistema sanitario espa\u00f1ol.<br \/>\nLa cantidad de datos almacenados y la posibilidad que ofrecen las nuevas tecnolog\u00edas para realizar una estudio Real World Data con an\u00e1lisis Big Data Salud ofrecen un amplio abanico de posibilidades que empresas como Dimor Projects: -The e-Health Factory- ya est\u00e1 explotando con proyectos pilotos en la Comunidad de Madrid.<br \/>\nEl objetivo es claro y todos los stakeholders reman en la misma direcci\u00f3n para conseguir mejorar los resultados en salud.<br \/>\nEn esa l\u00ednea incestigadores de la Universidad Polit\u00e9cnica de Valencia, pertenecientes al laboratorio de Ciencia de Datos Biom\u00e9dicos BDSLab ITACA, han desarrollado una nueva metodolog\u00eda para medir la variabilidad de los datos biom\u00e9dicos masivos que nos permite utilizar los datos de m\u00faltiples centros de investigaci\u00f3n cl\u00ednica.<br \/>\nDestacamos este trabajo en el Blog Big Data Salud de Dimor Projects\u00a0 ya que ha sido seleccionado como uno de los m\u00e1s relevantes en el \u00e1rea de Big Data Aplicado a Salud por la Asociaci\u00f3n Internacional de Inform\u00e1tica M\u00e9dica por su aportaci\u00f3n para mejorar la salud de los pacientes y la gesti\u00f3n de los centros sanitarios.<br \/>\nSu peculiaridad es que permite analizar diferentes sistemas y fuentes de datos [hospitales, centros de salud ..] de diferentes Comunidades Aut\u00f3nomas<br \/>\nEl trabajo desarrollado por los investigadores de la UPV ha abierto las puertas para colaborar en el grupo para la calidad de la informaci\u00f3n sanitaria del proyecto European Institute for Innovation Through Health Data\u00a0 creado con el objetivo de ofrecer unas m\u00e9tricas y mejora de los datos cl\u00ednicos en el \u00e1mbito internacional. En definitiva, consensuar y proponer un est\u00e1ndar europeo de calidad de datos biom\u00e9dicos as\u00ed como las herramientas necesarias para su evaluaci\u00f3n.<\/p>\n","protected":false},"excerpt":{"rendered":"<p>Big Data Salud, el santo grial para optimizar la investigaci\u00f3n en salud y mejorar la gesti\u00f3n hospitalaria En la actualidad la investigaci\u00f3n, la agilidad en los diagn\u00f3sticos y la toma de decisiones m\u00e9dicas ha encontrado una aut\u00e9ntica mina de oro en las Historias Cl\u00ednicas Electr\u00f3nicas del sistema sanitario espa\u00f1ol. La cantidad de datos almacenados y&#8230; <\/p>\n<div class=\"link-more\"><a href=\"https:\/\/dimor.es\/index.php\/big-data-salud-al-servicio-de-la-investigacion\/\">Lea m\u00e1s<\/a><\/div>\n","protected":false},"author":4,"featured_media":0,"parent":0,"menu_order":0,"comment_status":"closed","ping_status":"closed","template":"","meta":{"_mi_skip_tracking":false,"jetpack_post_was_ever_published":false},"jetpack_sharing_enabled":true,"jetpack_shortlink":"https:\/\/wp.me\/P7phdD-8r","_links":{"self":[{"href":"https:\/\/dimor.es\/index.php\/wp-json\/wp\/v2\/pages\/523"}],"collection":[{"href":"https:\/\/dimor.es\/index.php\/wp-json\/wp\/v2\/pages"}],"about":[{"href":"https:\/\/dimor.es\/index.php\/wp-json\/wp\/v2\/types\/page"}],"author":[{"embeddable":true,"href":"https:\/\/dimor.es\/index.php\/wp-json\/wp\/v2\/users\/4"}],"replies":[{"embeddable":true,"href":"https:\/\/dimor.es\/index.php\/wp-json\/wp\/v2\/comments?post=523"}],"version-history":[{"count":1,"href":"https:\/\/dimor.es\/index.php\/wp-json\/wp\/v2\/pages\/523\/revisions"}],"predecessor-version":[{"id":525,"href":"https:\/\/dimor.es\/index.php\/wp-json\/wp\/v2\/pages\/523\/revisions\/525"}],"wp:attachment":[{"href":"https:\/\/dimor.es\/index.php\/wp-json\/wp\/v2\/media?parent=523"}],"curies":[{"name":"wp","href":"https:\/\/api.w.org\/{rel}","templated":true}]}}